{"id":33,"date":"2019-06-21T13:49:49","date_gmt":"2019-06-21T11:49:49","guid":{"rendered":"https:\/\/srank.de\/bllv\/?page_id=33"},"modified":"2024-12-18T15:42:55","modified_gmt":"2024-12-18T14:42:55","slug":"start","status":"publish","type":"page","link":"https:\/\/srank.de\/bllv\/","title":{"rendered":"Start"},"content":{"rendered":"\n<p>Herzlich willkommen auf der &#8222;Arbeitsseite&#8220; des BLLV Kreisverbands Eichst\u00e4tt. Die &#8222;Inhaltsseite&#8220; finden Sie unter <a href=\"https:\/\/oberbayern.bllv.de\/kreisverbaende\/eichstaett\">https:\/\/oberbayern.bllv.de\/kreisverbaende\/eichstaett<\/a>. Auf dieser Seite hier finden Sie nur die An- und Abmeldung zu unserem Newsletter und kreisspezifische Inhalte.<\/p>\n\n\n\n<blockquote class=\"wp-block-quote is-layout-flow wp-block-quote-is-layout-flow\">\n<p>Mehr als 68.000 Mitlgieder vertrauen dem BLLV. Und das aus gutem Grund. der Landesverband mit Sitz in M\u00fcnchen k\u00fcmmert sich um die \u00fcberregionalen Anliegen und bietet f\u00fcr seine Mitglieder ein umfangreiches Serviceangebot:  Berufsbezogene Beratungs- und Unterst\u00fctzungsangebote, effiziente  professionelle Rechtsvertretung, hochwertige praxisorientierte Seminare,  Fortbildungen und SchiLF, Beratung und Unterst\u00fctzung in Gesundheits-  und Belastungsfragen, wirtschaftliche Dienstleistungen, g\u00fcnstige  Versicherungsgruppenvertr\u00e4ge u.v.m. Lehramtsstudenten und junge Lehrerinnen und Lehrer werden weitere zus\u00e4tzliche Hilfen zuteil. Der BLLV ist in 163 Kreisverb\u00e4nden in ganz Bayern gegliedert, in denen  zwischen 50 und 1 000 Lehrerinnen und Lehrer Mitglied sind. Die  Kreisverb\u00e4nde werden von einem Kreisvorstand ehrenamtlich geleitet. Die  hohe regionale Pr\u00e4senz des BLLV bedeutet, dass BLLV-Mitglieder vor Ort  kompetente und engagierte Ansprechpartner finden. Gleichzeitig ist der  BLLV in der politischen Arbeit in ganz Bayern fl\u00e4chendeckend pr\u00e4sent.  <\/p>\n<cite>bllv.de\/bllv\/verbandsportrait<\/cite><\/blockquote>\n","protected":false},"excerpt":{"rendered":"<p>Herzlich willkommen auf der &#8222;Arbeitsseite&#8220; des BLLV Kreisverbands Eichst\u00e4tt. Die &#8222;Inhaltsseite&#8220; finden Sie unter https:\/\/oberbayern.bllv.de\/kreisverbaende\/eichstaett. Auf dieser Seite hier finden Sie nur die An- und Abmeldung zu unserem Newsletter und kreisspezifische Inhalte. Mehr als 68.000 Mitlgieder vertrauen dem BLLV. Und das aus gutem Grund. der Landesverband mit Sitz in M\u00fcnchen k\u00fcmmert sich um die \u00fcberregionalen [&hellip;]<\/p>\n","protected":false},"author":1,"featured_media":0,"parent":0,"menu_order":0,"comment_status":"closed","ping_status":"closed","template":"","meta":{"zakra_page_container_layout":"customizer","zakra_page_sidebar_layout":"customizer","zakra_remove_content_margin":false,"zakra_sidebar":"customizer","zakra_transparent_header":"0","zakra_logo":0,"zakra_main_header_style":"default","zakra_menu_item_color":"","zakra_menu_item_hover_color":"","zakra_menu_item_active_color":"","zakra_menu_active_style":"","zakra_page_header":true,"footnotes":""},"class_list":["post-33","page","type-page","status-publish","hentry"],"_links":{"self":[{"href":"https:\/\/srank.de\/bllv\/wp-json\/wp\/v2\/pages\/33","targetHints":{"allow":["GET"]}}],"collection":[{"href":"https:\/\/srank.de\/bllv\/wp-json\/wp\/v2\/pages"}],"about":[{"href":"https:\/\/srank.de\/bllv\/wp-json\/wp\/v2\/types\/page"}],"author":[{"embeddable":true,"href":"https:\/\/srank.de\/bllv\/wp-json\/wp\/v2\/users\/1"}],"replies":[{"embeddable":true,"href":"https:\/\/srank.de\/bllv\/wp-json\/wp\/v2\/comments?post=33"}],"version-history":[{"count":3,"href":"https:\/\/srank.de\/bllv\/wp-json\/wp\/v2\/pages\/33\/revisions"}],"predecessor-version":[{"id":822,"href":"https:\/\/srank.de\/bllv\/wp-json\/wp\/v2\/pages\/33\/revisions\/822"}],"wp:attachment":[{"href":"https:\/\/srank.de\/bllv\/wp-json\/wp\/v2\/media?parent=33"}],"curies":[{"name":"wp","href":"https:\/\/api.w.org\/{rel}","templated":true}]}}