{"id":547,"date":"2021-10-07T17:26:32","date_gmt":"2021-10-07T15:26:32","guid":{"rendered":"https:\/\/srank.de\/bllv\/?page_id=547"},"modified":"2021-10-07T17:26:34","modified_gmt":"2021-10-07T15:26:34","slug":"aenderungsmitteilung","status":"publish","type":"page","link":"https:\/\/srank.de\/bllv\/aenderungsmitteilung\/","title":{"rendered":"\u00c4nderungsmitteilung"},"content":{"rendered":"<div class=\"wpforms-container wpforms-container-full wpforms-block\" id=\"wpforms-546\"><form id=\"wpforms-form-546\" class=\"wpforms-validate wpforms-form wpforms-ajax-form\" data-formid=\"546\" method=\"post\" enctype=\"multipart\/form-data\" action=\"\/bllv\/wp-json\/wp\/v2\/pages\/547\" data-token=\"f48ac86ebddf10d87cc0d9521f6bbaea\" data-token-time=\"1778730791\"><noscript class=\"wpforms-error-noscript\">Bitte aktiviere JavaScript in deinem Browser, um dieses Formular fertigzustellen.<\/noscript><div class=\"wpforms-field-container\"><div id=\"wpforms-546-field_1-container\" class=\"wpforms-field wpforms-field-name\" data-field-id=\"1\"><label class=\"wpforms-field-label\">Name <span class=\"wpforms-required-label\">*<\/span><\/label><div class=\"wpforms-field-row wpforms-field-medium\"><div class=\"wpforms-field-row-block wpforms-first wpforms-one-half\"><input type=\"text\" id=\"wpforms-546-field_1\" class=\"wpforms-field-name-first wpforms-field-required\" name=\"wpforms[fields][1][first]\" required><label for=\"wpforms-546-field_1\" class=\"wpforms-field-sublabel after\">Vorname<\/label><\/div><div class=\"wpforms-field-row-block wpforms-one-half\"><input type=\"text\" id=\"wpforms-546-field_1-last\" class=\"wpforms-field-name-last wpforms-field-required\" name=\"wpforms[fields][1][last]\" required><label for=\"wpforms-546-field_1-last\" class=\"wpforms-field-sublabel after\">Nachname<\/label><\/div><\/div><\/div><div id=\"wpforms-546-field_2-container\" class=\"wpforms-field wpforms-field-number\" data-field-id=\"2\"><label class=\"wpforms-field-label\" for=\"wpforms-546-field_2\">BLLV-Mitglieds-Nr. <span class=\"wpforms-required-label\">*<\/span><\/label><input type=\"number\" id=\"wpforms-546-field_2\" class=\"wpforms-field-medium wpforms-field-required\" name=\"wpforms[fields][2]\" step=\"any\" required><div class=\"wpforms-field-description\">Die Nr. finden Sie auf dem Mitglieds-Ausweis oder auf dem Adress-Etikett der OSZ zwischen den #&#8230;#<\/div><\/div><div id=\"wpforms-546-field_3-container\" class=\"wpforms-field wpforms-field-text\" data-field-id=\"3\"><label class=\"wpforms-field-label\" for=\"wpforms-546-field_3\">Anschrift (Stra\u00dfe und Hausnummer)<\/label><input type=\"text\" id=\"wpforms-546-field_3\" class=\"wpforms-field-medium\" name=\"wpforms[fields][3]\" ><div class=\"wpforms-field-description\">nur \u00c4nderungen eingeben &#8230;<\/div><\/div><div id=\"wpforms-546-field_4-container\" class=\"wpforms-field wpforms-field-number\" data-field-id=\"4\"><label class=\"wpforms-field-label\" for=\"wpforms-546-field_4\">Postleitzahl<\/label><input type=\"number\" id=\"wpforms-546-field_4\" class=\"wpforms-field-small\" name=\"wpforms[fields][4]\" step=\"any\" ><div class=\"wpforms-field-description\">nur \u00c4nderungen eingeben &#8230;<\/div><\/div><div id=\"wpforms-546-field_6-container\" class=\"wpforms-field wpforms-field-text\" data-field-id=\"6\"><label class=\"wpforms-field-label\" for=\"wpforms-546-field_6\">Ort<\/label><input type=\"text\" id=\"wpforms-546-field_6\" class=\"wpforms-field-medium\" name=\"wpforms[fields][6]\" ><div class=\"wpforms-field-description\">nur \u00c4nderungen eingeben &#8230;<\/div><\/div><div id=\"wpforms-546-field_7-container\" class=\"wpforms-field wpforms-field-email\" data-field-id=\"7\"><label class=\"wpforms-field-label\" for=\"wpforms-546-field_7\">E-Mail<\/label><input type=\"email\" id=\"wpforms-546-field_7\" class=\"wpforms-field-medium\" name=\"wpforms[fields][7]\" spellcheck=\"false\" ><div class=\"wpforms-field-description\">nur \u00c4nderungen eingeben &#8230;<\/div><\/div><div id=\"wpforms-546-field_8-container\" class=\"wpforms-field wpforms-field-text\" data-field-id=\"8\"><label class=\"wpforms-field-label\" for=\"wpforms-546-field_8\">Telefonnummer und\/oder Handynummer<\/label><input type=\"text\" id=\"wpforms-546-field_8\" class=\"wpforms-field-medium\" name=\"wpforms[fields][8]\" ><div class=\"wpforms-field-description\">nur \u00c4nderungen eingeben &#8230;<\/div><\/div><div id=\"wpforms-546-field_9-container\" class=\"wpforms-field wpforms-field-text\" data-field-id=\"9\"><label class=\"wpforms-field-label\" for=\"wpforms-546-field_9\">Stammschule<\/label><input type=\"text\" id=\"wpforms-546-field_9\" class=\"wpforms-field-medium\" name=\"wpforms[fields][9]\" ><div class=\"wpforms-field-description\">nur \u00c4nderungen eingeben &#8230;<\/div><\/div><div id=\"wpforms-546-field_10-container\" class=\"wpforms-field wpforms-field-select wpforms-field-select-style-classic\" data-field-id=\"10\"><label class=\"wpforms-field-label\" for=\"wpforms-546-field_10\">Arbeitsverh\u00e4ltnis <span class=\"wpforms-required-label\">*<\/span><\/label><select id=\"wpforms-546-field_10\" class=\"wpforms-field-medium wpforms-field-required\" name=\"wpforms[fields][10]\" required=\"required\"><option value=\"Vollzeit\"  class=\"choice-1 depth-1\"  >Vollzeit<\/option><option value=\"Teilzeit\"  class=\"choice-2 depth-1\"  >Teilzeit<\/option><option value=\"Pension\/ Ruhestand\"  class=\"choice-3 depth-1\"  >Pension\/ Ruhestand<\/option><option value=\"Mutterschutz\/Elternzeit\"  class=\"choice-4 depth-1\"  >Mutterschutz\/Elternzeit<\/option><\/select><\/div><div id=\"wpforms-546-field_14-container\" class=\"wpforms-field wpforms-field-text\" data-field-id=\"14\"><label class=\"wpforms-field-label\" for=\"wpforms-546-field_14\">Besoldung<\/label><input type=\"text\" id=\"wpforms-546-field_14\" class=\"wpforms-field-medium\" name=\"wpforms[fields][14]\" ><div class=\"wpforms-field-description\">nur \u00c4nderungen eingeben &#8211; z.B.: &#8222;EG5&#8220; oder &#8222;A11&#8220; oder &#8222;A13 Z klein&#8220;<\/div><\/div><div id=\"wpforms-546-field_11-container\" class=\"wpforms-field wpforms-field-number\" data-field-id=\"11\"><label class=\"wpforms-field-label\" for=\"wpforms-546-field_11\">Bezahlte Unterrichtsstunden <span class=\"wpforms-required-label\">*<\/span><\/label><input type=\"number\" id=\"wpforms-546-field_11\" class=\"wpforms-field-medium wpforms-field-required\" name=\"wpforms[fields][11]\" placeholder=\"00\" step=\"any\" required><div class=\"wpforms-field-description\">Erm\u00e4\u00dfigungen f\u00fcr Alter, Funktions\u00e4mter, Rekonvaleszenz, Teildienstf\u00e4higkeit bitte nicht abziehen! Arbeitszeitkonto nicht erg\u00e4nzen!<\/div><\/div><div id=\"wpforms-546-field_16-container\" class=\"wpforms-field wpforms-field-text\" data-field-id=\"16\"><label class=\"wpforms-field-label\" for=\"wpforms-546-field_16\">Bankverbindung (nur wenn sich das Konto ge\u00e4ndert hat)<\/label><input type=\"text\" id=\"wpforms-546-field_16\" class=\"wpforms-field-medium\" name=\"wpforms[fields][16]\" ><div class=\"wpforms-field-description\">Kontoinhaber, Name der Bank<\/div><\/div><div id=\"wpforms-546-field_15-container\" class=\"wpforms-field wpforms-field-text\" data-field-id=\"15\"><label class=\"wpforms-field-label wpforms-label-hide\" for=\"wpforms-546-field_15\">IBAN<\/label><input type=\"text\" id=\"wpforms-546-field_15\" class=\"wpforms-field-medium wpforms-masked-input wpforms-limit-characters-enabled\" data-rule-inputmask-incomplete=\"1\" data-inputmask-mask=\"AA99 9999 9999 9999 9999 99\" data-form-id=\"546\" data-field-id=\"15\" data-text-limit=\"27\" name=\"wpforms[fields][15]\" placeholder=\"DE00 1234 5600 0000 1234 56\" maxlength=\"27\" ><div class=\"wpforms-field-description\">IBAN &#8211; Bitte nur eingeben, wenn sich die Bankverbindung ge\u00e4ndert hat<\/div><\/div><div id=\"wpforms-546-field_18-container\" class=\"wpforms-field wpforms-field-checkbox\" data-field-id=\"18\"><label class=\"wpforms-field-label wpforms-label-hide\">Einzugserm\u00e4chtigung erteilen<\/label><ul id=\"wpforms-546-field_18\"><li class=\"choice-1 depth-1\"><input type=\"checkbox\" id=\"wpforms-546-field_18_1\" name=\"wpforms[fields][18][]\" value=\"Bitte \u00e4ndern Sie die bestehende Einzugserm\u00e4chtigung auf das oben angegebene, neue Konto!\"  ><label class=\"wpforms-field-label-inline\" for=\"wpforms-546-field_18_1\">Bitte \u00e4ndern Sie die bestehende Einzugserm\u00e4chtigung auf das oben angegebene, neue Konto!<\/label><\/li><\/ul><div class=\"wpforms-field-description\">Bitte nur bei Kontover\u00e4nderung ausw\u00e4hlen! Achten Sie darauf, dass das neue Konto bereits existiert und bei einer anstehenden Abbuchung gedeckt ist.<\/div><\/div><div id=\"wpforms-546-field_12-container\" class=\"wpforms-field wpforms-field-checkbox\" data-field-id=\"12\"><label class=\"wpforms-field-label\">Datenschutz <span class=\"wpforms-required-label\">*<\/span><\/label><ul id=\"wpforms-546-field_12\" class=\"wpforms-field-required\"><li class=\"choice-1 depth-1\"><input type=\"checkbox\" id=\"wpforms-546-field_12_1\" name=\"wpforms[fields][12][]\" value=\"Die Datenschutzrichtlinien habe ich zur Kenntnis genommen.\" required ><label class=\"wpforms-field-label-inline\" for=\"wpforms-546-field_12_1\">Die Datenschutzrichtlinien habe ich zur Kenntnis genommen.<\/label><\/li><\/ul><div class=\"wpforms-field-description\">Die Datenschutzerkl\u00e4rung des BLLV-Kreisverbands Eichst\u00e4tt finden Sie hier: https:\/\/srank.de\/bllv\/datenschutz<\/div><\/div><\/div><!-- .wpforms-field-container --><div class=\"wpforms-submit-container\" ><input type=\"hidden\" name=\"wpforms[id]\" value=\"546\"><input type=\"hidden\" name=\"page_title\" value=\"\"><input type=\"hidden\" name=\"page_url\" value=\"https:\/\/srank.de\/bllv\/wp-json\/wp\/v2\/pages\/547\"><input type=\"hidden\" name=\"url_referer\" value=\"\"><button type=\"submit\" name=\"wpforms[submit]\" id=\"wpforms-submit-546\" class=\"wpforms-submit\" data-alt-text=\"Senden...\" data-submit-text=\"Absenden\" aria-live=\"assertive\" value=\"wpforms-submit\">Absenden<\/button><img loading=\"lazy\" decoding=\"async\" src=\"https:\/\/srank.de\/bllv\/wp-content\/plugins\/wpforms-lite\/assets\/images\/submit-spin.svg\" class=\"wpforms-submit-spinner\" style=\"display: none;\" width=\"26\" height=\"26\" alt=\"Wird geladen\"><\/div><\/form><\/div>  <!-- .wpforms-container -->","protected":false},"excerpt":{"rendered":"","protected":false},"author":1,"featured_media":0,"parent":0,"menu_order":0,"comment_status":"closed","ping_status":"closed","template":"","meta":{"zakra_page_container_layout":"customizer","zakra_page_sidebar_layout":"customizer","zakra_remove_content_margin":false,"zakra_sidebar":"customizer","zakra_transparent_header":"customizer","zakra_logo":0,"zakra_main_header_style":"default","zakra_menu_item_color":"","zakra_menu_item_hover_color":"","zakra_menu_item_active_color":"","zakra_menu_active_style":"","zakra_page_header":true,"footnotes":""},"class_list":["post-547","page","type-page","status-publish","hentry"],"_links":{"self":[{"href":"https:\/\/srank.de\/bllv\/wp-json\/wp\/v2\/pages\/547","targetHints":{"allow":["GET"]}}],"collection":[{"href":"https:\/\/srank.de\/bllv\/wp-json\/wp\/v2\/pages"}],"about":[{"href":"https:\/\/srank.de\/bllv\/wp-json\/wp\/v2\/types\/page"}],"author":[{"embeddable":true,"href":"https:\/\/srank.de\/bllv\/wp-json\/wp\/v2\/users\/1"}],"replies":[{"embeddable":true,"href":"https:\/\/srank.de\/bllv\/wp-json\/wp\/v2\/comments?post=547"}],"version-history":[{"count":1,"href":"https:\/\/srank.de\/bllv\/wp-json\/wp\/v2\/pages\/547\/revisions"}],"predecessor-version":[{"id":548,"href":"https:\/\/srank.de\/bllv\/wp-json\/wp\/v2\/pages\/547\/revisions\/548"}],"wp:attachment":[{"href":"https:\/\/srank.de\/bllv\/wp-json\/wp\/v2\/media?parent=547"}],"curies":[{"name":"wp","href":"https:\/\/api.w.org\/{rel}","templated":true}]}}