{"id":576,"date":"2022-04-12T11:25:27","date_gmt":"2022-04-12T09:25:27","guid":{"rendered":"https:\/\/srank.de\/bllv\/?page_id=576"},"modified":"2026-02-11T08:33:06","modified_gmt":"2026-02-11T07:33:06","slug":"pfingstreise","status":"publish","type":"page","link":"https:\/\/srank.de\/bllv\/pfingstreise\/","title":{"rendered":"Pfingstreise 2026"},"content":{"rendered":"\n<p><strong>Begleiten Sie den BLLV-Kreisverband Eichst\u00e4tt in die Wachau &#8211; Kultur pur<\/strong><br><a href=\"https:\/\/srank.de\/bllv\/wp-content\/uploads\/2026\/02\/Ausschreibung-Wachau.pdf\" target=\"_blank\" rel=\"noreferrer noopener\">Ausf\u00fchrliche Reisebeschreibung &#8211; bitte klicken!<\/a><\/p>\n\n\n\n<h2 class=\"wp-block-heading has-medium-font-size\">Termin: <\/h2>\n\n\n\n<p>Montag, 25.05. &#8211; Samstag, 30.05.2026<\/p>\n\n\n\n<h2 class=\"wp-block-heading has-medium-font-size\">Beschreibung:<\/h2>\n\n\n\n<p>Das Reiseangebot \u201eWachau &#8211; Kultur pur\u201c umfasst sechs Tage voller kultureller Highlights in der Wachau und der Hauptstadt \u00d6sterreichs &#8211; Wien. Teilnehmer \u00fcbernachten im Landhotel Wachau**** oder einem gleichwertigen Hotel und genie\u00dfen t\u00e4gliches Fr\u00fchst\u00fcck sowie ein 3-G\u00e4nge-Abendessen mit Salat vom Buffet. Zu den Programmpunkten geh\u00f6ren F\u00fchrungen in den St\u00e4dten Krems, Melk, Wien und St. P\u00f6lten.<\/p>\n\n\n\n<p>Weitere Highlights sind die Burgruine Aggstein, das Stift Melk, die Schallaburg sowie die Fahrten durch die sch\u00f6ne Wachau und entlang der Ringstra\u00dfe in Wien.<\/p>\n\n\n\n<p>Fahrt im Komfort-Reisebus mit bequemen Schlafsesseln, Klimaanlage, Bord-WC und gek\u00fchlten Bordgetr\u00e4nken (gegen Bezahlung).<\/p>\n\n\n\n<h2 class=\"wp-block-heading has-medium-font-size\">Kontingent:<\/h2>\n\n\n\n<p>30 Personen (10 Doppelzimmer, 10 Einzelzimmer) &#8211; Mindestteilnehmerzahl: 20 Personen<\/p>\n\n\n\n<h2 class=\"wp-block-heading has-medium-font-size\">Leistungen:<\/h2>\n\n\n\n<p>5 x \u00dcbernachtung in Zimmern mit Bad oder Dusche\/WC<br>5 x Fr\u00fchst\u00fccksb\u00fcfett<br>5 x Abendessen im Hotel als 3-Gang Men\u00fc und Salat-Bufett<br>1 x Stadtf\u00fchrung Krems und Burgruine Aggstein<br>1 x F\u00fchrungen durch die Stadt und das Stift Melk <br>1 Tagesfahrt nach Wien mit Reiseleitung<br>&#8211; Rundfahrt entlang der Ringstra\u00dfe, vorbei an Prater, UNO-City und Donauturm<br>&#8211; Busstopp am Hundertwasserhaus<br>&#8211; bei sch\u00f6nem Wetter: Fahrt auf den Kahlenberg<br>&#8211; Stephansdom, Schwedenviertel, Judenviertel, Gassen von Wien<br>&#8211; Zeit zur freien Verf\u00fcgung (und zum Mittagessen, nicht inkludiert)<br>1 x Stadtf\u00fchrung in St. P\u00f6lten<br>1 x Besichtigung und F\u00fchrung auf der Schallaburg<br>inkl. Audioger\u00e4te f\u00fcr die F\u00fchrungen<\/p>\n\n\n\n<h2 class=\"wp-block-heading\">Preis:<\/h2>\n\n\n\n<p><strong>820 \u20ac pro Person im Doppelzimmer<\/strong><br>(Einzelzimmerzuschlag 88 \u20ac)<br><strong>Mindestteilnehmerzahl 20 Teilnehmer<\/strong><\/p>\n\n\n\n<h2 class=\"wp-block-heading\">Anmeldung:<\/h2>\n\n\n\n<div class=\"wpforms-container wpforms-container-full\" id=\"wpforms-579\"><form id=\"wpforms-form-579\" class=\"wpforms-validate wpforms-form wpforms-ajax-form\" data-formid=\"579\" method=\"post\" enctype=\"multipart\/form-data\" action=\"\/bllv\/wp-json\/wp\/v2\/pages\/576\" data-token=\"cca6c87e6e47cd2a894228e6115ae99f\" data-token-time=\"1778730791\"><noscript class=\"wpforms-error-noscript\">Bitte aktiviere JavaScript in deinem Browser, um dieses Formular fertigzustellen.<\/noscript><div class=\"wpforms-field-container\"><div id=\"wpforms-579-field_1-container\" class=\"wpforms-field wpforms-field-name\" data-field-id=\"1\"><label class=\"wpforms-field-label\">Teilnehmer 1 <span class=\"wpforms-required-label\">*<\/span><\/label><div class=\"wpforms-field-row wpforms-field-medium\"><div class=\"wpforms-field-row-block wpforms-first wpforms-one-half\"><input type=\"text\" id=\"wpforms-579-field_1\" class=\"wpforms-field-name-first wpforms-field-required\" name=\"wpforms[fields][1][first]\" required><label for=\"wpforms-579-field_1\" class=\"wpforms-field-sublabel after\">Vorname<\/label><\/div><div class=\"wpforms-field-row-block wpforms-one-half\"><input type=\"text\" id=\"wpforms-579-field_1-last\" class=\"wpforms-field-name-last wpforms-field-required\" name=\"wpforms[fields][1][last]\" required><label for=\"wpforms-579-field_1-last\" class=\"wpforms-field-sublabel after\">Nachname<\/label><\/div><\/div><\/div><div id=\"wpforms-579-field_26-container\" class=\"wpforms-field wpforms-field-text\" data-field-id=\"26\"><label class=\"wpforms-field-label\" for=\"wpforms-579-field_26\">Adresse, PLZ, Ort (Teilnehmer 1) <span class=\"wpforms-required-label\">*<\/span><\/label><input type=\"text\" id=\"wpforms-579-field_26\" class=\"wpforms-field-medium wpforms-field-required\" name=\"wpforms[fields][26]\" required><\/div><div id=\"wpforms-579-field_21-container\" class=\"wpforms-field wpforms-field-name\" data-field-id=\"21\"><label class=\"wpforms-field-label\">Teilnehmer 2 (optional)<\/label><div class=\"wpforms-field-row wpforms-field-medium\"><div class=\"wpforms-field-row-block wpforms-first wpforms-one-half\"><input type=\"text\" id=\"wpforms-579-field_21\" class=\"wpforms-field-name-first\" name=\"wpforms[fields][21][first]\" ><label for=\"wpforms-579-field_21\" class=\"wpforms-field-sublabel after\">Vorname<\/label><\/div><div class=\"wpforms-field-row-block wpforms-one-half\"><input type=\"text\" id=\"wpforms-579-field_21-last\" class=\"wpforms-field-name-last\" name=\"wpforms[fields][21][last]\" ><label for=\"wpforms-579-field_21-last\" class=\"wpforms-field-sublabel after\">Nachname<\/label><\/div><\/div><\/div><div id=\"wpforms-579-field_27-container\" class=\"wpforms-field wpforms-field-text\" data-field-id=\"27\"><label class=\"wpforms-field-label\" for=\"wpforms-579-field_27\">Adresse, PLZ, Ort (Teilnehmer 2)<\/label><input type=\"text\" id=\"wpforms-579-field_27\" class=\"wpforms-field-medium\" name=\"wpforms[fields][27]\" ><\/div><div id=\"wpforms-579-field_22-container\" class=\"wpforms-field wpforms-field-select wpforms-field-select-style-classic\" data-field-id=\"22\"><label class=\"wpforms-field-label\" for=\"wpforms-579-field_22\">Zimmerauswahl <span class=\"wpforms-required-label\">*<\/span><\/label><select id=\"wpforms-579-field_22\" class=\"wpforms-field-medium wpforms-field-required\" name=\"wpforms[fields][22]\" required=\"required\"><option value=\"Nur ein Teilnehmer im Einzelzimmer\"  selected='selected' class=\"choice-1 depth-1\"  >Nur ein Teilnehmer im Einzelzimmer<\/option><option value=\"Teilnehmer 1 und 2 im Doppelzimmer\"  class=\"choice-2 depth-1\"  >Teilnehmer 1 und 2 im Doppelzimmer<\/option><option value=\"Beide Teilnehmer im Einzelzimmer\"  class=\"choice-3 depth-1\"  >Beide Teilnehmer im Einzelzimmer<\/option><\/select><div class=\"wpforms-field-description\">Bitte \u00e4ndern Sie hier im Fall von zwei Teilnehmern die Auswahl!<\/div><\/div><div id=\"wpforms-579-field_23-container\" class=\"wpforms-field wpforms-field-text\" data-field-id=\"23\"><label class=\"wpforms-field-label\" for=\"wpforms-579-field_23\">Weitere Hinweise:<\/label><input type=\"text\" id=\"wpforms-579-field_23\" class=\"wpforms-field-medium\" name=\"wpforms[fields][23]\" ><div class=\"wpforms-field-description\">Sollten Sie eine Familie oder mehr als zwei Teilnehmer anmelden wollen, dann notieren Sie das bitte hier oder schreiben Sie eine E-Mail an: eichstaett@oberbayern.bllv.de <\/div><\/div><div id=\"wpforms-579-field_20-container\" class=\"wpforms-field wpforms-field-text\" data-field-id=\"20\"><label class=\"wpforms-field-label\" for=\"wpforms-579-field_20\">Telefonnummer: <span class=\"wpforms-required-label\">*<\/span><\/label><input type=\"text\" id=\"wpforms-579-field_20\" class=\"wpforms-field-medium wpforms-field-required\" name=\"wpforms[fields][20]\" required><\/div><div id=\"wpforms-579-field_3-container\" class=\"wpforms-field wpforms-field-email\" data-field-id=\"3\"><label class=\"wpforms-field-label\" for=\"wpforms-579-field_3\">E-Mail <span class=\"wpforms-required-label\">*<\/span><\/label><input type=\"email\" id=\"wpforms-579-field_3\" class=\"wpforms-field-medium wpforms-field-required\" name=\"wpforms[fields][3]\" spellcheck=\"false\" required><\/div><div id=\"wpforms-579-field_28-container\" class=\"wpforms-field wpforms-field-checkbox\" data-field-id=\"28\"><label class=\"wpforms-field-label\">Datenschutz <span class=\"wpforms-required-label\">*<\/span><\/label><ul id=\"wpforms-579-field_28\" class=\"wpforms-field-required\"><li class=\"choice-1 depth-1\"><input type=\"checkbox\" id=\"wpforms-579-field_28_1\" name=\"wpforms[fields][28][]\" value=\"Die Datenschutzhinweise habe ich zur Kenntnis genommen.\" required ><label class=\"wpforms-field-label-inline\" for=\"wpforms-579-field_28_1\">Die Datenschutzhinweise habe ich zur Kenntnis genommen.<\/label><\/li><\/ul><div class=\"wpforms-field-description\">Die Datenschutzerkl\u00e4rung des BLLV-Kreisverbands Eichst\u00e4tt finden Sie hier: https:\/\/srank.de\/bllv\/datenschutz<\/div><\/div><\/div><!-- .wpforms-field-container --><div class=\"wpforms-submit-container\" ><input type=\"hidden\" name=\"wpforms[id]\" value=\"579\"><input type=\"hidden\" name=\"page_title\" value=\"\"><input type=\"hidden\" name=\"page_url\" value=\"https:\/\/srank.de\/bllv\/wp-json\/wp\/v2\/pages\/576\"><input type=\"hidden\" name=\"url_referer\" value=\"\"><button type=\"submit\" name=\"wpforms[submit]\" id=\"wpforms-submit-579\" class=\"wpforms-submit\" data-alt-text=\"Senden\u2026\" data-submit-text=\"Absenden\" aria-live=\"assertive\" value=\"wpforms-submit\">Absenden<\/button><img loading=\"lazy\" decoding=\"async\" src=\"https:\/\/srank.de\/bllv\/wp-content\/plugins\/wpforms-lite\/assets\/images\/submit-spin.svg\" class=\"wpforms-submit-spinner\" style=\"display: none;\" width=\"26\" height=\"26\" alt=\"Wird geladen\"><\/div><\/form><\/div>  <!-- .wpforms-container -->\n\n\n\n<p><strong>Bitte beachten Sie: Die Reise wird nur beim Erreichen einer Mindest-Teilnehmerzahl veranstaltet. Die endg\u00fcltige Reisezusage erhalten Sie erst zu einem sp\u00e4teren Zeitpunkt. Dann empfehlen wir Ihnen auch dringend den Abschluss einer Reiser\u00fccktrittsversicherung!<\/strong><\/p>\n","protected":false},"excerpt":{"rendered":"<p>Begleiten Sie den BLLV-Kreisverband Eichst\u00e4tt in die Wachau &#8211; Kultur purAusf\u00fchrliche Reisebeschreibung &#8211; bitte klicken! Termin: Montag, 25.05. &#8211; Samstag, 30.05.2026 Beschreibung: Das Reiseangebot \u201eWachau &#8211; Kultur pur\u201c umfasst sechs Tage voller kultureller Highlights in der Wachau und der Hauptstadt \u00d6sterreichs &#8211; Wien. Teilnehmer \u00fcbernachten im Landhotel Wachau**** oder einem gleichwertigen Hotel und genie\u00dfen t\u00e4gliches [&hellip;]<\/p>\n","protected":false},"author":1,"featured_media":0,"parent":0,"menu_order":0,"comment_status":"closed","ping_status":"closed","template":"","meta":{"zakra_page_container_layout":"contained","zakra_page_sidebar_layout":"right","zakra_remove_content_margin":false,"zakra_sidebar":"customizer","zakra_transparent_header":"customizer","zakra_logo":0,"zakra_main_header_style":"default","zakra_menu_item_color":"","zakra_menu_item_hover_color":"","zakra_menu_item_active_color":"","zakra_menu_active_style":"","zakra_page_header":true,"footnotes":""},"class_list":["post-576","page","type-page","status-publish","hentry"],"_links":{"self":[{"href":"https:\/\/srank.de\/bllv\/wp-json\/wp\/v2\/pages\/576","targetHints":{"allow":["GET"]}}],"collection":[{"href":"https:\/\/srank.de\/bllv\/wp-json\/wp\/v2\/pages"}],"about":[{"href":"https:\/\/srank.de\/bllv\/wp-json\/wp\/v2\/types\/page"}],"author":[{"embeddable":true,"href":"https:\/\/srank.de\/bllv\/wp-json\/wp\/v2\/users\/1"}],"replies":[{"embeddable":true,"href":"https:\/\/srank.de\/bllv\/wp-json\/wp\/v2\/comments?post=576"}],"version-history":[{"count":29,"href":"https:\/\/srank.de\/bllv\/wp-json\/wp\/v2\/pages\/576\/revisions"}],"predecessor-version":[{"id":870,"href":"https:\/\/srank.de\/bllv\/wp-json\/wp\/v2\/pages\/576\/revisions\/870"}],"wp:attachment":[{"href":"https:\/\/srank.de\/bllv\/wp-json\/wp\/v2\/media?parent=576"}],"curies":[{"name":"wp","href":"https:\/\/api.w.org\/{rel}","templated":true}]}}